{"id":11498,"date":"2022-05-14T13:49:36","date_gmt":"2022-05-14T13:49:36","guid":{"rendered":"https:\/\/sayuricosmetics.nl\/?post_type=product&#038;p=11498"},"modified":"2025-12-01T09:15:00","modified_gmt":"2025-12-01T08:15:00","slug":"anti-aging-mask","status":"publish","type":"product","link":"https:\/\/sayuricosmetics.nl\/nl\/face-care-en\/anti-aging-mask\/","title":{"rendered":"Matrix Verstevigend Masker"},"content":{"rendered":"<p data-start=\"267\" data-end=\"587\">Sayuri Matrix Firming Mask is een geavanceerde anti-aging behandeling die is ontworpen om de huid zichtbaar te verstevigen, wallen te verwijderen en te liften. Ge\u00efnspireerd door professionele huidregeneratietechnologie, levert deze formule snelle, zichtbare resultaten na slechts \u00e9\u00e9n toepassing - waardoor het uw go-to ritueel is voor een direct verfrist, strak uiterlijk.<\/p>\n<p data-start=\"589\" data-end=\"844\">Samengesteld met geavanceerde actieve ingredi\u00ebnten zoals <strong data-start=\"642\" data-end=\"676\">DermCom\u00ae (Crocusbollenextract)<\/strong>, <strong data-start=\"678\" data-end=\"704\">Lipobelle\u2122 Sojabloon<\/strong>, <strong data-start=\"706\" data-end=\"721\">Niacinamide<\/strong>, <strong data-start=\"723\" data-end=\"735\">Cafe\u00efne<\/strong>en <strong data-start=\"741\" data-end=\"758\">Schizofyllan<\/strong>Dit masker ondersteunt de collageenproductie, verbetert de teint en verbetert de elasticiteit.<\/p>\n<hr data-start=\"846\" data-end=\"849\" \/>\n<h3 data-start=\"851\" data-end=\"881\"><strong data-start=\"858\" data-end=\"881\">Waarom je het leuk zult vinden:<\/strong><\/h3>\n<ul data-start=\"882\" data-end=\"1320\">\n<li data-start=\"882\" data-end=\"958\">\n<p data-start=\"884\" data-end=\"958\"><strong data-start=\"884\" data-end=\"904\">Liften en modelleren:<\/strong> Definieert gezichtscontouren en vermindert tekenen van verzakking.<\/p>\n<\/li>\n<li data-start=\"959\" data-end=\"1044\">\n<p data-start=\"961\" data-end=\"1044\"><strong data-start=\"961\" data-end=\"986\">Ontpopt en geeft energie:<\/strong> Cafe\u00efne stimuleert de microcirculatie om wallen te verminderen.<\/p>\n<\/li>\n<li data-start=\"1045\" data-end=\"1128\">\n<p data-start=\"1047\" data-end=\"1128\"><strong data-start=\"1047\" data-end=\"1071\">Versterkt &amp; versterkt:<\/strong> DermCom\u00ae en soja-isoflavonen stimuleren collageen en elastine.<\/p>\n<\/li>\n<li data-start=\"1129\" data-end=\"1230\">\n<p data-start=\"1131\" data-end=\"1230\"><strong data-start=\"1131\" data-end=\"1154\">Kalmeert en hydrateert:<\/strong> Macadamia-olie, rozenbottelolie en natriumhyaluronaat voeden de huid diep.<\/p>\n<\/li>\n<li data-start=\"1231\" data-end=\"1320\">\n<p data-start=\"1233\" data-end=\"1320\"><strong data-start=\"1233\" data-end=\"1255\">Verfijnt en verzacht:<\/strong> Maakt de textuur glad en geeft glans voor een stralend effect.<\/p>\n<\/li>\n<\/ul>\n<hr data-start=\"1322\" data-end=\"1325\" \/>\n<h3 data-start=\"1327\" data-end=\"1354\"><strong data-start=\"1334\" data-end=\"1354\">Hoofdingredi\u00ebnten:<\/strong><\/h3>\n<ul data-start=\"1356\" data-end=\"2294\">\n<li data-start=\"1356\" data-end=\"1517\">\n<p data-start=\"1358\" data-end=\"1517\"><strong data-start=\"1358\" data-end=\"1405\">DermCom\u00ae (Crocus Chrysanthusbollenextract):<\/strong> Stimuleert de communicatie tussen huidcellen, waardoor collageen en elastine toenemen voor een zichtbaar stevigere, jonger uitziende huid.<\/p>\n<\/li>\n<li data-start=\"1518\" data-end=\"1669\">\n<p data-start=\"1520\" data-end=\"1669\"><strong data-start=\"1520\" data-end=\"1578\">Lipobelle\u2122 Soyaglycone (soja-isoflavonen in liposomen):<\/strong> Verbetert de dichtheid en elasticiteit van de huid, vermindert fijne lijntjes en rimpels.<\/p>\n<\/li>\n<li data-start=\"1670\" data-end=\"1750\">\n<p data-start=\"1672\" data-end=\"1750\"><strong data-start=\"1672\" data-end=\"1685\">Cafe\u00efne:<\/strong> Stimuleert de microcirculatie, vermindert wallen en wallen onder de ogen.<\/p>\n<\/li>\n<li data-start=\"1751\" data-end=\"1873\">\n<p data-start=\"1753\" data-end=\"1873\"><strong data-start=\"1753\" data-end=\"1782\">Niacinamide (vitamine B3):<\/strong> Brengt de huidtoon in balans, versterkt de huidbarri\u00e8re, vermindert pigmentatie en ontstekingen.<\/p>\n<\/li>\n<li data-start=\"1874\" data-end=\"1997\">\n<p data-start=\"1876\" data-end=\"1997\"><strong data-start=\"1876\" data-end=\"1894\">Schizofyllan:<\/strong> Een natuurlijke polysaccharide die de immuniteit van de huid versterkt en beschermt tegen negatieve milieu-invloeden.<\/p>\n<\/li>\n<li data-start=\"1998\" data-end=\"2121\">\n<p data-start=\"2000\" data-end=\"2121\"><strong data-start=\"2000\" data-end=\"2046\">Rosa Canina (Rozenbottel) Olie &amp; Macadamia Olie:<\/strong> Voed en regenereer de huid met essenti\u00eble vetzuren en antioxidanten.<\/p>\n<\/li>\n<li data-start=\"2122\" data-end=\"2213\">\n<p data-start=\"2124\" data-end=\"2213\"><strong data-start=\"2124\" data-end=\"2142\">Gosulin Agave:<\/strong> Geeft een onmiddellijk liftend effect met een glad, niet plakkerig gevoel.<\/p>\n<\/li>\n<li data-start=\"2214\" data-end=\"2294\">\n<p data-start=\"2216\" data-end=\"2294\"><strong data-start=\"2216\" data-end=\"2244\">Ceramide NP &amp; Allanto\u00efne:<\/strong> Herstelt de huidbarri\u00e8re en kalmeert irritatie.<\/p>\n<\/li>\n<\/ul>","protected":false},"excerpt":{"rendered":"<p><strong>Firming \u2022 Anti-Puffiness \u2022 Lift &amp; Glow<\/strong><\/p>\n<p>Triple-action mask with collagen-boosting peptides, soy isoflavones, and caffeine. Lifts, firms, and restores glow in just 15 minutes.<\/p>\n[vc_row type=\"in_container\" full_screen_row_position=\"middle\" column_margin=\"default\" column_direction=\"default\" column_direction_tablet=\"default\" column_direction_phone=\"default\" scene_position=\"center\" top_padding=\"30px\" text_color=\"dark\" text_align=\"left\" row_border_radius=\"none\" row_border_radius_applies=\"bg\" overlay_strength=\"0.3\" gradient_direction=\"left_to_right\" shape_divider_position=\"bottom\" bg_image_animation=\"none\" shape_type=\"\"][vc_column column_padding=\"no-extra-padding\" column_padding_tablet=\"inherit\" column_padding_phone=\"inherit\" column_padding_position=\"all\" background_color_opacity=\"1\" background_hover_color_opacity=\"1\" column_shadow=\"none\" column_border_radius=\"none\" column_link_target=\"_self\" gradient_direction=\"left_to_right\" overlay_strength=\"0.3\" width=\"1\/4\" tablet_width_inherit=\"default\" tablet_text_alignment=\"default\" phone_text_alignment=\"default\" column_border_width=\"none\" column_border_style=\"solid\" bg_image_animation=\"none\" offset=\"vc_col-xs-6\"][text-with-icon icon_type=\"image_icon\" icon_image=\"10484\"]<\/p>\n<p style=\"text-align: left; font-size: 14px; line-height: 17px;\">Shelf life:<br \/>\n36 months<\/p>\n<p>[\/text-with-icon][\/vc_column][vc_column column_padding=\"no-extra-padding\" column_padding_tablet=\"inherit\" column_padding_phone=\"inherit\" column_padding_position=\"all\" background_color_opacity=\"1\" background_hover_color_opacity=\"1\" column_shadow=\"none\" column_border_radius=\"none\" column_link_target=\"_self\" gradient_direction=\"left_to_right\" overlay_strength=\"0.3\" width=\"1\/4\" tablet_width_inherit=\"default\" tablet_text_alignment=\"default\" phone_text_alignment=\"default\" column_border_width=\"none\" column_border_style=\"solid\" bg_image_animation=\"none\" offset=\"vc_col-xs-6\"][text-with-icon icon_type=\"image_icon\" icon_image=\"10483\"]<\/p>\n<p style=\"text-align: left; font-size: 14px; line-height: 17px;\">Skin type:<br \/>\nany<\/p>\n<p>[\/text-with-icon][\/vc_column][vc_column column_padding=\"no-extra-padding\" column_padding_tablet=\"inherit\" column_padding_phone=\"inherit\" column_padding_position=\"all\" background_color_opacity=\"1\" background_hover_color_opacity=\"1\" column_shadow=\"none\" column_border_radius=\"none\" column_link_target=\"_self\" gradient_direction=\"left_to_right\" overlay_strength=\"0.3\" width=\"1\/4\" tablet_width_inherit=\"default\" tablet_text_alignment=\"default\" phone_text_alignment=\"default\" column_border_width=\"none\" column_border_style=\"solid\" bg_image_animation=\"none\" offset=\"vc_col-xs-6\"][text-with-icon icon_type=\"image_icon\" icon_image=\"10379\"]<\/p>\n<p style=\"text-align: left; font-size: 14px; line-height: 17px;\">Bulk:<br \/>\n50ml.<\/p>\n<p>[\/text-with-icon][\/vc_column][vc_column column_padding=\"no-extra-padding\" column_padding_tablet=\"inherit\" column_padding_phone=\"inherit\" column_padding_position=\"all\" background_color_opacity=\"1\" background_hover_color_opacity=\"1\" column_shadow=\"none\" column_border_radius=\"none\" column_link_target=\"_self\" gradient_direction=\"left_to_right\" overlay_strength=\"0.3\" width=\"1\/4\" tablet_width_inherit=\"default\" tablet_text_alignment=\"default\" phone_text_alignment=\"default\" column_border_width=\"none\" column_border_style=\"solid\" bg_image_animation=\"none\" offset=\"vc_col-xs-6\"][text-with-icon icon_type=\"image_icon\" icon_image=\"11439\"]<\/p>\n<p style=\"text-align: left; font-size: 14px; line-height: 17px;\">Free shipping<br \/>\nfrom \u20ac150<\/p>\n<p>[\/text-with-icon][\/vc_column][\/vc_row]\n","protected":false},"featured_media":14060,"comment_status":"open","ping_status":"closed","template":"","meta":[],"product_brand":[],"product_cat":[424,380],"product_tag":[],"class_list":{"0":"post-11498","1":"product","2":"type-product","3":"status-publish","4":"has-post-thumbnail","6":"product_cat-face-care-en","7":"product_cat-hand-care-en","8":"product_shipping_class-parcel","10":"first","11":"instock","12":"shipping-taxable","13":"purchasable","14":"product-type-simple"},"_links":{"self":[{"href":"https:\/\/sayuricosmetics.nl\/nl\/wp-json\/wp\/v2\/product\/11498","targetHints":{"allow":["GET"]}}],"collection":[{"href":"https:\/\/sayuricosmetics.nl\/nl\/wp-json\/wp\/v2\/product"}],"about":[{"href":"https:\/\/sayuricosmetics.nl\/nl\/wp-json\/wp\/v2\/types\/product"}],"replies":[{"embeddable":true,"href":"https:\/\/sayuricosmetics.nl\/nl\/wp-json\/wp\/v2\/comments?post=11498"}],"wp:featuredmedia":[{"embeddable":true,"href":"https:\/\/sayuricosmetics.nl\/nl\/wp-json\/wp\/v2\/media\/14060"}],"wp:attachment":[{"href":"https:\/\/sayuricosmetics.nl\/nl\/wp-json\/wp\/v2\/media?parent=11498"}],"wp:term":[{"taxonomy":"product_brand","embeddable":true,"href":"https:\/\/sayuricosmetics.nl\/nl\/wp-json\/wp\/v2\/product_brand?post=11498"},{"taxonomy":"product_cat","embeddable":true,"href":"https:\/\/sayuricosmetics.nl\/nl\/wp-json\/wp\/v2\/product_cat?post=11498"},{"taxonomy":"product_tag","embeddable":true,"href":"https:\/\/sayuricosmetics.nl\/nl\/wp-json\/wp\/v2\/product_tag?post=11498"}],"curies":[{"name":"wp","href":"https:\/\/api.w.org\/{rel}","templated":true}]}}